{"id":1330,"date":"2019-05-24T20:39:35","date_gmt":"2019-05-24T20:39:35","guid":{"rendered":"http:\/\/sv-so.de\/?page_id=1330"},"modified":"2024-03-24T18:16:16","modified_gmt":"2024-03-24T18:16:16","slug":"trip-5","status":"publish","type":"page","link":"https:\/\/sv-so.de\/?page_id=1330","title":{"rendered":"Gesundheits- und Freizeitsport"},"content":{"rendered":"<div class=\"wpb-content-wrapper\"><p>[vc_row bg_type=&#8220;image&#8220; parallax_style=&#8220;vcpb-default&#8220; bg_image_new=&#8220;id^1402|url^http:\/\/sv-so.de\/wp-content\/uploads\/2019\/05\/Bild1.jpg|caption^null|alt^null|title^Bild1|description^null&#8220; bg_image_repeat=&#8220;no-repeat&#8220; bg_img_attach=&#8220;fixed&#8220; bg_override=&#8220;ex-full&#8220; enable_overlay=&#8220;enable_overlay_value&#8220; overlay_color=&#8220;rgba(0,0,0,0.6)&#8220; type=&#8220;vc_default&#8220; css=&#8220;.vc_custom_1559076100314{padding-top: 6% !important;padding-bottom: 6% !important;}&#8220;][vc_column css=&#8220;.vc_custom_1492694838569{padding-top: 6% !important;padding-bottom: 6% !important;}&#8220; offset=&#8220;vc_col-lg-offset-2 vc_col-lg-8 vc_col-md-offset-1 vc_col-md-10 vc_col-sm-offset-0&#8243;]<div id=\"ultimate-heading-68056a071912b96e8\" class=\"uvc-heading ult-adjust-bottom-margin ultimate-heading-68056a071912b96e8 uvc-1334 accent-subtitle-color\" data-hspacer=\"no_spacer\"  data-halign=\"center\" style=\"text-align:center\"><div class=\"uvc-heading-spacer no_spacer\" style=\"top\"><\/div><div class=\"uvc-main-heading ult-responsive\"  data-ultimate-target='.uvc-heading.ultimate-heading-68056a071912b96e8 h2'  data-responsive-json-new='{\"font-size\":\"desktop:70px;tablet:50px;tablet_portrait:40px;mobile_landscape:28px;\",\"line-height\":\"desktop:80px;tablet:60px;tablet_portrait:50px;mobile_landscape:38px;\"}' ><h2 style=\"font-weight:bold;color:#ffffff;margin-bottom:30px;\">Gesundheits- und Freizeitsport<\/h2><\/div><\/div>[\/vc_column][\/vc_row][vc_row equal_height=&#8220;yes&#8220; type=&#8220;vc_default&#8220; css=&#8220;.vc_custom_1492758885864{padding-top: 100px !important;padding-bottom: 50px !important;}&#8220;][vc_column width=&#8220;7\/12&#8243; css=&#8220;.vc_custom_1492766991907{padding-bottom: 50px !important;}&#8220; offset=&#8220;vc_col-lg-5 vc_col-md-6&#8243;]<div id=\"ultimate-heading-72296a071912b9798\" class=\"uvc-heading ult-adjust-bottom-margin ultimate-heading-72296a071912b9798 uvc-9733 \" data-hspacer=\"no_spacer\"  data-halign=\"left\" style=\"text-align:left\"><div class=\"uvc-heading-spacer no_spacer\" style=\"top\"><\/div><div class=\"uvc-main-heading ult-responsive\"  data-ultimate-target='.uvc-heading.ultimate-heading-72296a071912b9798 h2'  data-responsive-json-new='{\"font-size\":\"desktop:36px;\",\"line-height\":\"desktop:46px;\"}' ><h2 style=\"font-weight:bold;margin-bottom:25px;\">Nordic Walking<\/h2><\/div><\/div><div class=\"aio-icon-component  vc_custom_1559074066485  accent-icon-bg accent-title-color style_1\"><div id=\"Info-box-wrap-8195\" class=\"aio-icon-box default-icon\" style=\"\"  ><div class=\"aio-icon-default\"><div class=\"ult-just-icon-wrapper  \"><div class=\"align-icon\" style=\"text-align:center;\">\n<div class=\"aio-icon advanced \"  style=\"color:#ffffff;border-style:;border-color:#333333;border-width:1px;width:30px;height:30px;line-height:30px;border-radius:500px;font-size:14px;display:inline-block;\">\n\t<i class=\"icomoon-font-awesome-14x14-dollar usd\"><\/i>\n<\/div><\/div><\/div><\/div><div class=\"aio-icon-header\" ><h3 class=\"aio-icon-title ult-responsive\"  data-ultimate-target='#Info-box-wrap-8195 .aio-icon-title'  data-responsive-json-new='{\"font-size\":\"desktop:18px;\",\"line-height\":\"desktop:28px;\"}'  style=\"font-weight:700;\">\u00dcbungszeiten:<\/h3><\/div> <!-- header --><div class=\"aio-icon-description ult-responsive\"  data-ultimate-target='#Info-box-wrap-8195 .aio-icon-description'  data-responsive-json-new='{\"font-size\":\"\",\"line-height\":\"\"}'  style=\"\">Dienstag 18:00 Uhr<\/div> <!-- description --><\/div> <!-- aio-icon-box --><\/div> <!-- aio-icon-component --><div class=\"aio-icon-component  vc_custom_1559076077324  accent-icon-bg accent-title-color style_1\"><div id=\"Info-box-wrap-6249\" class=\"aio-icon-box default-icon\" style=\"\"  ><div class=\"aio-icon-default\"><div class=\"ult-just-icon-wrapper  \"><div class=\"align-icon\" style=\"text-align:center;\">\n<div class=\"aio-icon advanced \"  style=\"color:#ffffff;border-style:;border-color:#333333;border-width:1px;width:30px;height:30px;line-height:30px;border-radius:500px;font-size:14px;display:inline-block;\">\n\t<i class=\"icomoon-font-awesome-14x14-calendar-o\"><\/i>\n<\/div><\/div><\/div><\/div><div class=\"aio-icon-header\" ><h3 class=\"aio-icon-title ult-responsive\"  data-ultimate-target='#Info-box-wrap-6249 .aio-icon-title'  data-responsive-json-new='{\"font-size\":\"desktop:18px;\",\"line-height\":\"desktop:28px;\"}'  style=\"font-weight:700;\">Gruppenleiter:<\/h3><\/div> <!-- header --><div class=\"aio-icon-description ult-responsive\"  data-ultimate-target='#Info-box-wrap-6249 .aio-icon-description'  data-responsive-json-new='{\"font-size\":\"\",\"line-height\":\"\"}'  style=\"\">Werner Welte<\/div> <!-- description --><\/div> <!-- aio-icon-box --><\/div> <!-- aio-icon-component -->[vc_column_text]Unsere Nordic Walking Gruppe ist in und um Seitingen-Oberflacht mit herrlichen Strecken aktiv unterwegs.[\/vc_column_text][\/vc_column][vc_column width=&#8220;5\/12&#8243; css=&#8220;.vc_custom_1492766972790{padding-bottom: 50px !important;}&#8220; offset=&#8220;vc_col-lg-7 vc_col-md-6&#8243;]<style type=\"text\/css\" data-type=\"the7_shortcodes-inline-css\">.shortcode-single-image-wrap.shortcode-single-image-90dea67522fbcd0141d9d1fa4ff68f5a.enable-bg-rollover .rollover i,\n.shortcode-single-image-wrap.shortcode-single-image-90dea67522fbcd0141d9d1fa4ff68f5a.enable-bg-rollover .rollover-video i {\n  background: -webkit-linear-gradient();\n  background: linear-gradient();\n}\n.shortcode-single-image-wrap.shortcode-single-image-90dea67522fbcd0141d9d1fa4ff68f5a .rollover-icon {\n  font-size: 32px;\n  color: #ffffff;\n  min-width: 44px;\n  min-height: 44px;\n  line-height: 44px;\n  border-radius: 100px;\n  border-style: solid;\n  border-width: 0px;\n}\n.dt-icon-bg-on.shortcode-single-image-wrap.shortcode-single-image-90dea67522fbcd0141d9d1fa4ff68f5a .rollover-icon {\n  background: rgba(255,255,255,0.3);\n  box-shadow: none;\n}\n<\/style><div class=\"shortcode-single-image-wrap shortcode-single-image-90dea67522fbcd0141d9d1fa4ff68f5a alignnone  enable-bg-rollover dt-icon-bg-off\" style=\"margin-top:0px; margin-bottom:0px; margin-left:0px; margin-right:0px; width:960px;\"><div class=\"shortcode-single-image\"><div class=\"fancy-media-wrap\" style=\"\"><a class=\"layzr-bg rollover rollover-zoom dt-pswp-item pswp-image\" href=\"https:\/\/sv-so.de\/wp-content\/uploads\/2019\/05\/Bild1.jpg\" title=\"Bild1\" data-dt-img-description=\"\" data-large_image_width=\"862\" data-large_image_height = \"405\"  style=\"\"><img fetchpriority=\"high\" decoding=\"async\" class=\"preload-me lazy-load aspect\" src=\"data:image\/svg+xml,%3Csvg%20xmlns%3D&#39;http%3A%2F%2Fwww.w3.org%2F2000%2Fsvg&#39;%20viewBox%3D&#39;0%200%20862%20404&#39;%2F%3E\" data-src=\"https:\/\/sv-so.de\/wp-content\/uploads\/2019\/05\/Bild1.jpg\" data-srcset=\"https:\/\/sv-so.de\/wp-content\/uploads\/2019\/05\/Bild1.jpg 862w\" loading=\"eager\" style=\"--ratio: 862 \/ 404\" sizes=\"(max-width: 862px) 100vw, 862px\" width=\"862\" height=\"404\"  data-dt-location=\"https:\/\/sv-so.de\/?attachment_id=1402\" alt=\"\" \/><\/a><\/div><\/div><\/div>[\/vc_column][\/vc_row][vc_row equal_height=&#8220;yes&#8220; bg_type=&#8220;bg_color&#8220; bg_override=&#8220;ex-full&#8220; type=&#8220;vc_default&#8220; bg_color_value=&#8220;#f4f4f4&#8243;][vc_column width=&#8220;1\/2&#8243; css=&#8220;.vc_custom_1492764938173{padding-top: 90px !important;padding-bottom: 90px !important;}&#8220;]<div id=\"ultimate-heading-20286a071912c7de3\" class=\"uvc-heading ult-adjust-bottom-margin ultimate-heading-20286a071912c7de3 uvc-4332 accent-subtitle-color\" data-hspacer=\"no_spacer\"  data-halign=\"left\" style=\"text-align:left\"><div class=\"uvc-heading-spacer no_spacer\" style=\"top\"><\/div><div class=\"uvc-main-heading ult-responsive\"  data-ultimate-target='.uvc-heading.ultimate-heading-20286a071912c7de3 h2'  data-responsive-json-new='{\"font-size\":\"desktop:36px;\",\"line-height\":\"desktop:46px;\"}' ><h2 style=\"font-weight:bold;margin-bottom:10px;\">Gesundheitssport<\/h2><\/div><\/div><div class=\"aio-icon-component    style_1\"><div id=\"Info-box-wrap-4658\" class=\"aio-icon-box default-icon\" style=\"\"  ><div class=\"aio-icon-header\" ><h3 class=\"aio-icon-title ult-responsive\"  data-ultimate-target='#Info-box-wrap-4658 .aio-icon-title'  data-responsive-json-new='{\"font-size\":\"\",\"line-height\":\"\"}'  style=\"\">\u00dcbungszeiten:<\/h3><\/div> <!-- header --><div class=\"aio-icon-description ult-responsive\"  data-ultimate-target='#Info-box-wrap-4658 .aio-icon-description'  data-responsive-json-new='{\"font-size\":\"\",\"line-height\":\"\"}'  style=\"\">Mittwoch: 18:00-19:00 Uhr in der Schulturnhalle<\/div> <!-- description --><\/div> <!-- aio-icon-box --><\/div> <!-- aio-icon-component --><div class=\"aio-icon-component    style_1\"><div id=\"Info-box-wrap-3871\" class=\"aio-icon-box default-icon\" style=\"\"  ><div class=\"aio-icon-header\" ><h3 class=\"aio-icon-title ult-responsive\"  data-ultimate-target='#Info-box-wrap-3871 .aio-icon-title'  data-responsive-json-new='{\"font-size\":\"\",\"line-height\":\"\"}'  style=\"\">Gruppenleiter:<\/h3><\/div> <!-- header --><div class=\"aio-icon-description ult-responsive\"  data-ultimate-target='#Info-box-wrap-3871 .aio-icon-description'  data-responsive-json-new='{\"font-size\":\"\",\"line-height\":\"\"}'  style=\"\">Margarete Lehmann und Lucia Brunner<\/div> <!-- description --><\/div> <!-- aio-icon-box --><\/div> <!-- aio-icon-component -->[vc_column_text css=&#8220;.vc_custom_1711303676947{padding-bottom: 25px !important;}&#8220;]Die Mittwochs-Sportgruppe des SV Seitingen-Oberflacht ist eine gemischte<\/p>\n<p>Sportgruppe (M\u00e4nner und Frauen). Mit Ganzk\u00f6rpertrainingsprogramm werden Kondition, Ausdauer, Beweglichkeit und Kraft trainiert. Gehirnjogging und Konzentrationsspiele stehen auf dem Programm und runden Sport f\u00fcr K\u00f6rper, Geist und Seele ab. Der Spa\u00df kommt nicht zu kurz und frei nach dem Motto \u201eLachen ist die beste Medizin\u201c tun wir etwas f\u00fcr unsere Gesundheit.<\/p>\n<p>Die Gruppe trifft sich auch zu den verschiedensten Aktivit\u00e4ten und pflegt Gemeinschaft, Kameradschaft und Zusammenhalt beim Besuch kultureller und auch informativer Veranstaltungen.<\/p>\n<p>Auch kommen wir gerne zu den Aktivit\u00e4ten im Rahmen des Ferienprogramms f\u00fcr daheim gebliebene Erwachsene zusammen.<\/p>\n<p>Wer Lust auf Bewegung, Spiel und Spa\u00df hat, kann gerne schnuppern. Ob Mann oder Frau, alle sind willkommen.[\/vc_column_text][\/vc_column][vc_column width=&#8220;1\/2&#8243; css=&#8220;.vc_custom_1711304153563{padding-top: 25% !important;padding-bottom: 25% !important;background-image: url(http:\/\/sv-so.de\/wp-content\/uploads\/2024\/03\/2023-12-20-Mi-Weihn.feier_6-1-scaled.jpg?id=2032) !important;background-position: center !important;background-repeat: no-repeat !important;background-size: contain !important;}&#8220;][\/vc_column][\/vc_row][vc_row equal_height=&#8220;yes&#8220; type=&#8220;vc_default&#8220;][vc_column width=&#8220;1\/2&#8243; css=&#8220;.vc_custom_1492764938173{padding-top: 90px !important;padding-bottom: 90px !important;}&#8220;]<div id=\"ultimate-heading-63676a071912c8060\" class=\"uvc-heading ult-adjust-bottom-margin ultimate-heading-63676a071912c8060 uvc-8925 accent-subtitle-color\" data-hspacer=\"no_spacer\"  data-halign=\"left\" style=\"text-align:left\"><div class=\"uvc-heading-spacer no_spacer\" style=\"top\"><\/div><div class=\"uvc-main-heading ult-responsive\"  data-ultimate-target='.uvc-heading.ultimate-heading-63676a071912c8060 h2'  data-responsive-json-new='{\"font-size\":\"desktop:36px;\",\"line-height\":\"desktop:46px;\"}' ><h2 style=\"font-weight:bold;margin-bottom:10px;\">Damengymnastik<\/h2><\/div><\/div><div class=\"aio-icon-component    style_1\"><div id=\"Info-box-wrap-7675\" class=\"aio-icon-box default-icon\" style=\"\"  ><div class=\"aio-icon-header\" ><h3 class=\"aio-icon-title ult-responsive\"  data-ultimate-target='#Info-box-wrap-7675 .aio-icon-title'  data-responsive-json-new='{\"font-size\":\"\",\"line-height\":\"\"}'  style=\"\">Trainingszeiten:<\/h3><\/div> <!-- header --><div class=\"aio-icon-description ult-responsive\"  data-ultimate-target='#Info-box-wrap-7675 .aio-icon-description'  data-responsive-json-new='{\"font-size\":\"\",\"line-height\":\"\"}'  style=\"\">Montag 17:45 &#8211; 18:45 Uhr in der Schulturnhalle<\/div> <!-- description --><\/div> <!-- aio-icon-box --><\/div> <!-- aio-icon-component --><div class=\"aio-icon-component    style_1\"><div id=\"Info-box-wrap-4011\" class=\"aio-icon-box default-icon\" style=\"\"  ><div class=\"aio-icon-header\" ><h3 class=\"aio-icon-title ult-responsive\"  data-ultimate-target='#Info-box-wrap-4011 .aio-icon-title'  data-responsive-json-new='{\"font-size\":\"\",\"line-height\":\"\"}'  style=\"\">\u00dcbungsleiter:<\/h3><\/div> <!-- header --><div class=\"aio-icon-description ult-responsive\"  data-ultimate-target='#Info-box-wrap-4011 .aio-icon-description'  data-responsive-json-new='{\"font-size\":\"\",\"line-height\":\"\"}'  style=\"\">Margarete Lehmann<\/p>\n<p>und Lucia Brunner<\/div> <!-- description --><\/div> <!-- aio-icon-box --><\/div> <!-- aio-icon-component -->[vc_column_text css=&#8220;.vc_custom_1711303660903{padding-bottom: 25px !important;}&#8220;]Die Damengymnastik-Gruppe des SV Seitingen-Oberflacht ist seit Jahren fester Bestandteil im Sportangebot des Vereins. Neben einem abwechslungsreichen Gymnastikangebot mit Ganzk\u00f6rpertraining, Funktionsgymnastik und Spielen steht auch mentale Fitness und vor allem Alltagsfitness auf dem Programm.<\/p>\n<p>Inklusion ist kein Thema, sondern wird gelebt.<\/p>\n<p>Sport, Spiel, Bewegung mit Freude und Spa\u00df erleben, Gemeinschaft pflegen und Kontakte kn\u00fcpfen sind unsere Ziele.<\/p>\n<p>Neben dem w\u00f6chentlichen Sport trifft sich die Gruppe auch zum Besuch von geselligen Veranstaltungen.<\/p>\n<p>Des weiteren ist das allj\u00e4hrliche Ferienprogramm mit Bewegungs- und kulinarischen Teilen ein beliebtes Highlight.<\/p>\n<p>Hocks im Jahreszeitkalender sind f\u00fcr die Geselligkeit und Gemeinschaftspflege sehr beliebt.<\/p>\n<p>Schnuppern ist jederzeit m\u00f6glich. Einfach vorbeikommen, mitmachen und offen sein f\u00fcr Neues.[\/vc_column_text][\/vc_column][vc_column width=&#8220;1\/2&#8243; css=&#8220;.vc_custom_1711304172230{padding-top: 25% !important;padding-bottom: 25% !important;background-image: url(http:\/\/sv-so.de\/wp-content\/uploads\/2024\/03\/2024-01.06-Mo-LichterMainau_29-1-scaled.jpg?id=2033) !important;background-position: center !important;background-repeat: no-repeat !important;background-size: contain !important;}&#8220;][\/vc_column][\/vc_row]<\/p>\n<\/div>","protected":false},"excerpt":{"rendered":"<p>[vc_row bg_type=&#8220;image&#8220; parallax_style=&#8220;vcpb-default&#8220; bg_image_new=&#8220;id^1402|url^http:\/\/sv-so.de\/wp-content\/uploads\/2019\/05\/Bild1.jpg|caption^null|alt^null|title^Bild1|description^null&#8220; bg_image_repeat=&#8220;no-repeat&#8220; bg_img_attach=&#8220;fixed&#8220; bg_override=&#8220;ex-full&#8220; enable_overlay=&#8220;enable_overlay_value&#8220; overlay_color=&#8220;rgba(0,0,0,0.6)&#8220; type=&#8220;vc_default&#8220; css=&#8220;.vc_custom_1559076100314{padding-top: 6% !important;padding-bottom: 6% !important;}&#8220;][vc_column css=&#8220;.vc_custom_1492694838569{padding-top: 6% !important;padding-bottom: 6% !important;}&#8220; offset=&#8220;vc_col-lg-offset-2 vc_col-lg-8 vc_col-md-offset-1 vc_col-md-10 vc_col-sm-offset-0&#8243;][\/vc_column][\/vc_row][vc_row equal_height=&#8220;yes&#8220; type=&#8220;vc_default&#8220; css=&#8220;.vc_custom_1492758885864{padding-top: 100px !important;padding-bottom: 50px !important;}&#8220;][vc_column width=&#8220;7\/12&#8243; css=&#8220;.vc_custom_1492766991907{padding-bottom: 50px !important;}&#8220; offset=&#8220;vc_col-lg-5 vc_col-md-6&#8243;][vc_column_text]Unsere Nordic Walking Gruppe ist in und um Seitingen-Oberflacht mit herrlichen Strecken aktiv unterwegs.[\/vc_column_text][\/vc_column][vc_column width=&#8220;5\/12&#8243; css=&#8220;.vc_custom_1492766972790{padding-bottom: 50px !important;}&#8220;&hellip;<\/p>\n","protected":false},"author":7,"featured_media":0,"parent":0,"menu_order":40,"comment_status":"closed","ping_status":"closed","template":"","meta":{"footnotes":""},"class_list":["post-1330","page","type-page","status-publish","hentry","description-off"],"_links":{"self":[{"href":"https:\/\/sv-so.de\/index.php?rest_route=\/wp\/v2\/pages\/1330"}],"collection":[{"href":"https:\/\/sv-so.de\/index.php?rest_route=\/wp\/v2\/pages"}],"about":[{"href":"https:\/\/sv-so.de\/index.php?rest_route=\/wp\/v2\/types\/page"}],"author":[{"embeddable":true,"href":"https:\/\/sv-so.de\/index.php?rest_route=\/wp\/v2\/users\/7"}],"replies":[{"embeddable":true,"href":"https:\/\/sv-so.de\/index.php?rest_route=%2Fwp%2Fv2%2Fcomments&post=1330"}],"version-history":[{"count":8,"href":"https:\/\/sv-so.de\/index.php?rest_route=\/wp\/v2\/pages\/1330\/revisions"}],"predecessor-version":[{"id":2035,"href":"https:\/\/sv-so.de\/index.php?rest_route=\/wp\/v2\/pages\/1330\/revisions\/2035"}],"wp:attachment":[{"href":"https:\/\/sv-so.de\/index.php?rest_route=%2Fwp%2Fv2%2Fmedia&parent=1330"}],"curies":[{"name":"wp","href":"https:\/\/api.w.org\/{rel}","templated":true}]}}