{"id":1331,"date":"2019-05-24T20:42:26","date_gmt":"2019-05-24T20:42:26","guid":{"rendered":"http:\/\/sv-so.de\/?page_id=1331"},"modified":"2019-05-28T20:42:32","modified_gmt":"2019-05-28T20:42:32","slug":"trip-6","status":"publish","type":"page","link":"https:\/\/sv-so.de\/?page_id=1331","title":{"rendered":"Indiaca Gruppe"},"content":{"rendered":"<div class=\"wpb-content-wrapper\"><p>[vc_row bg_type=&#8220;image&#8220; parallax_style=&#8220;vcpb-default&#8220; bg_image_new=&#8220;id^1406|url^http:\/\/sv-so.de\/wp-content\/uploads\/2019\/05\/Indiaca-Bild.jpg|caption^null|alt^null|title^Indiaca Bild|description^null&#8220; bg_image_repeat=&#8220;no-repeat&#8220; bg_img_attach=&#8220;fixed&#8220; bg_override=&#8220;ex-full&#8220; enable_overlay=&#8220;enable_overlay_value&#8220; overlay_color=&#8220;rgba(0,0,0,0.6)&#8220; type=&#8220;vc_default&#8220; css=&#8220;.vc_custom_1559076149176{padding-top: 6% !important;padding-bottom: 6% !important;}&#8220;][vc_column css=&#8220;.vc_custom_1492694838569{padding-top: 6% !important;padding-bottom: 6% !important;}&#8220; offset=&#8220;vc_col-lg-offset-2 vc_col-lg-8 vc_col-md-offset-1 vc_col-md-10 vc_col-sm-offset-0&#8243;]<div id=\"ultimate-heading-89606a05944e446ae\" class=\"uvc-heading ult-adjust-bottom-margin ultimate-heading-89606a05944e446ae uvc-3596 accent-subtitle-color\" data-hspacer=\"no_spacer\"  data-halign=\"center\" style=\"text-align:center\"><div class=\"uvc-heading-spacer no_spacer\" style=\"top\"><\/div><div class=\"uvc-main-heading ult-responsive\"  data-ultimate-target='.uvc-heading.ultimate-heading-89606a05944e446ae h2'  data-responsive-json-new='{\"font-size\":\"desktop:70px;tablet:50px;tablet_portrait:40px;mobile_landscape:28px;\",\"line-height\":\"desktop:80px;tablet:60px;tablet_portrait:50px;mobile_landscape:38px;\"}' ><h2 style=\"font-weight:bold;color:#ffffff;margin-bottom:30px;\">Indiaca Gruppe<\/h2><\/div><\/div>[\/vc_column][\/vc_row][vc_row equal_height=&#8220;yes&#8220; type=&#8220;vc_default&#8220; css=&#8220;.vc_custom_1492758885864{padding-top: 100px !important;padding-bottom: 50px !important;}&#8220;][vc_column width=&#8220;7\/12&#8243; css=&#8220;.vc_custom_1492766991907{padding-bottom: 50px !important;}&#8220; offset=&#8220;vc_col-lg-5 vc_col-md-6&#8243;]<div id=\"ultimate-heading-89446a05944e44736\" class=\"uvc-heading ult-adjust-bottom-margin ultimate-heading-89446a05944e44736 uvc-8419 \" data-hspacer=\"no_spacer\"  data-halign=\"left\" style=\"text-align:left\"><div class=\"uvc-heading-spacer no_spacer\" style=\"top\"><\/div><div class=\"uvc-main-heading ult-responsive\"  data-ultimate-target='.uvc-heading.ultimate-heading-89446a05944e44736 h2'  data-responsive-json-new='{\"font-size\":\"desktop:36px;\",\"line-height\":\"desktop:46px;\"}' ><h2 style=\"font-weight:bold;margin-bottom:25px;\">Indiaca Gruppe<\/h2><\/div><\/div><div class=\"aio-icon-component  vc_custom_1558787737507  accent-icon-bg accent-title-color style_1\"><div id=\"Info-box-wrap-3983\" class=\"aio-icon-box default-icon\" style=\"\"  ><div class=\"aio-icon-default\"><div class=\"ult-just-icon-wrapper  \"><div class=\"align-icon\" style=\"text-align:center;\">\n<div class=\"aio-icon advanced \"  style=\"color:#ffffff;border-style:;border-color:#333333;border-width:1px;width:30px;height:30px;line-height:30px;border-radius:500px;font-size:14px;display:inline-block;\">\n\t<i class=\"icomoon-font-awesome-14x14-dollar usd\"><\/i>\n<\/div><\/div><\/div><\/div><div class=\"aio-icon-header\" ><h3 class=\"aio-icon-title ult-responsive\"  data-ultimate-target='#Info-box-wrap-3983 .aio-icon-title'  data-responsive-json-new='{\"font-size\":\"desktop:18px;\",\"line-height\":\"desktop:28px;\"}'  style=\"font-weight:700;\">Trainingszeiten:<\/h3><\/div> <!-- header --><div class=\"aio-icon-description ult-responsive\"  data-ultimate-target='#Info-box-wrap-3983 .aio-icon-description'  data-responsive-json-new='{\"font-size\":\"\",\"line-height\":\"\"}'  style=\"\">Mittwoch: 19:00 &#8211; 20:30 Uhr<\/div> <!-- description --><\/div> <!-- aio-icon-box --><\/div> <!-- aio-icon-component --><div class=\"aio-icon-component  vc_custom_1558787756445  accent-icon-bg accent-title-color style_1\"><div id=\"Info-box-wrap-6765\" class=\"aio-icon-box default-icon\" style=\"\"  ><div class=\"aio-icon-default\"><div class=\"ult-just-icon-wrapper  \"><div class=\"align-icon\" style=\"text-align:center;\">\n<div class=\"aio-icon advanced \"  style=\"color:#ffffff;border-style:;border-color:#333333;border-width:1px;width:30px;height:30px;line-height:30px;border-radius:500px;font-size:14px;display:inline-block;\">\n\t<i class=\"icomoon-font-awesome-14x14-calendar-o\"><\/i>\n<\/div><\/div><\/div><\/div><div class=\"aio-icon-header\" ><h3 class=\"aio-icon-title ult-responsive\"  data-ultimate-target='#Info-box-wrap-6765 .aio-icon-title'  data-responsive-json-new='{\"font-size\":\"desktop:18px;\",\"line-height\":\"desktop:28px;\"}'  style=\"font-weight:700;\">\u00dcbungsleiter:<\/h3><\/div> <!-- header --><div class=\"aio-icon-description ult-responsive\"  data-ultimate-target='#Info-box-wrap-6765 .aio-icon-description'  data-responsive-json-new='{\"font-size\":\"\",\"line-height\":\"\"}'  style=\"\">Dennis Hass<\/div> <!-- description --><\/div> <!-- aio-icon-box --><\/div> <!-- aio-icon-component -->[vc_column_text]Eine unserer \u00e4ltesten Abteilungen ist die Indiaca Gruppe. Mit j\u00fcngsten Erfolgen, wie zum Beispiel dem Gewinn der W\u00fcrttembergischen Meisterschaft 2016, erlebt die Gruppe eine neue Bl\u00fctezeit.<\/p>\n<p>Interessierte k\u00f6nnen mittwochs ab 19:00 in der Schulturnhalle vorbeischauen und reinschnuppern.[\/vc_column_text][\/vc_column][vc_column width=&#8220;5\/12&#8243; css=&#8220;.vc_custom_1492766972790{padding-bottom: 50px !important;}&#8220; offset=&#8220;vc_col-lg-7 vc_col-md-6&#8243;]<style type=\"text\/css\" data-type=\"the7_shortcodes-inline-css\">.shortcode-single-image-wrap.shortcode-single-image-d86d79558b846d33c38f451c4d1493db.enable-bg-rollover .rollover i,\n.shortcode-single-image-wrap.shortcode-single-image-d86d79558b846d33c38f451c4d1493db.enable-bg-rollover .rollover-video i {\n  background: ;\n  background: -webkit-linear-gradient();\n  background: linear-gradient();\n}\n.shortcode-single-image-wrap.shortcode-single-image-d86d79558b846d33c38f451c4d1493db .rollover-icon {\n  font-size: 32px;\n  color: #ffffff;\n  min-width: 44px;\n  min-height: 44px;\n  line-height: 44px;\n  border-radius: 100px;\n  border-style: solid;\n  border-width: 0px;\n}\n.dt-icon-bg-on.shortcode-single-image-wrap.shortcode-single-image-d86d79558b846d33c38f451c4d1493db .rollover-icon {\n  background: rgba(255,255,255,0.3);\n  box-shadow: none;\n}\n<\/style><div class=\"shortcode-single-image-wrap shortcode-single-image-d86d79558b846d33c38f451c4d1493db alignnone  enable-bg-rollover dt-icon-bg-off\" style=\"margin-top:0px; margin-bottom:0px; margin-left:0px; margin-right:0px; width:960px;\"><div class=\"shortcode-single-image\"><div class=\"fancy-media-wrap\" style=\"\"><a class=\"layzr-bg rollover rollover-zoom dt-pswp-item pswp-image\" href=\"https:\/\/sv-so.de\/wp-content\/uploads\/2019\/05\/Indiaca-Bild.jpg\" title=\"Indiaca Bild\" data-dt-img-description=\"\" data-large_image_width=\"5568\" data-large_image_height = \"3712\"  style=\"\"><img fetchpriority=\"high\" decoding=\"async\" class=\"preload-me lazy-load aspect\" src=\"data:image\/svg+xml,%3Csvg%20xmlns%3D&#39;http%3A%2F%2Fwww.w3.org%2F2000%2Fsvg&#39;%20viewBox%3D&#39;0%200%20960%20640&#39;%2F%3E\" data-src=\"https:\/\/sv-so.de\/wp-content\/uploads\/2019\/05\/Indiaca-Bild-960x640.jpg\" data-srcset=\"https:\/\/sv-so.de\/wp-content\/uploads\/2019\/05\/Indiaca-Bild-960x640.jpg 960w, https:\/\/sv-so.de\/wp-content\/uploads\/2019\/05\/Indiaca-Bild-1920x1280.jpg 1920w\" loading=\"eager\" style=\"--ratio: 960 \/ 640\" sizes=\"(max-width: 960px) 100vw, 960px\" width=\"960\" height=\"640\"  data-dt-location=\"https:\/\/sv-so.de\/?attachment_id=1406\" alt=\"\" \/><\/a><\/div><\/div><\/div>[\/vc_column][\/vc_row]<\/p>\n<\/div>","protected":false},"excerpt":{"rendered":"<p>[vc_row bg_type=&#8220;image&#8220; parallax_style=&#8220;vcpb-default&#8220; bg_image_new=&#8220;id^1406|url^http:\/\/sv-so.de\/wp-content\/uploads\/2019\/05\/Indiaca-Bild.jpg|caption^null|alt^null|title^Indiaca Bild|description^null&#8220; bg_image_repeat=&#8220;no-repeat&#8220; bg_img_attach=&#8220;fixed&#8220; bg_override=&#8220;ex-full&#8220; enable_overlay=&#8220;enable_overlay_value&#8220; overlay_color=&#8220;rgba(0,0,0,0.6)&#8220; type=&#8220;vc_default&#8220; css=&#8220;.vc_custom_1559076149176{padding-top: 6% !important;padding-bottom: 6% !important;}&#8220;][vc_column css=&#8220;.vc_custom_1492694838569{padding-top: 6% !important;padding-bottom: 6% !important;}&#8220; offset=&#8220;vc_col-lg-offset-2 vc_col-lg-8 vc_col-md-offset-1 vc_col-md-10 vc_col-sm-offset-0&#8243;][\/vc_column][\/vc_row][vc_row equal_height=&#8220;yes&#8220; type=&#8220;vc_default&#8220; css=&#8220;.vc_custom_1492758885864{padding-top: 100px !important;padding-bottom: 50px !important;}&#8220;][vc_column width=&#8220;7\/12&#8243; css=&#8220;.vc_custom_1492766991907{padding-bottom: 50px !important;}&#8220; offset=&#8220;vc_col-lg-5 vc_col-md-6&#8243;][vc_column_text]Eine unserer \u00e4ltesten Abteilungen ist die Indiaca Gruppe. Mit j\u00fcngsten Erfolgen, wie zum Beispiel dem Gewinn der&hellip;<\/p>\n","protected":false},"author":7,"featured_media":0,"parent":0,"menu_order":40,"comment_status":"closed","ping_status":"closed","template":"","meta":{"footnotes":""},"class_list":["post-1331","page","type-page","status-publish","hentry","description-off"],"_links":{"self":[{"href":"https:\/\/sv-so.de\/index.php?rest_route=\/wp\/v2\/pages\/1331"}],"collection":[{"href":"https:\/\/sv-so.de\/index.php?rest_route=\/wp\/v2\/pages"}],"about":[{"href":"https:\/\/sv-so.de\/index.php?rest_route=\/wp\/v2\/types\/page"}],"author":[{"embeddable":true,"href":"https:\/\/sv-so.de\/index.php?rest_route=\/wp\/v2\/users\/7"}],"replies":[{"embeddable":true,"href":"https:\/\/sv-so.de\/index.php?rest_route=%2Fwp%2Fv2%2Fcomments&post=1331"}],"version-history":[{"count":3,"href":"https:\/\/sv-so.de\/index.php?rest_route=\/wp\/v2\/pages\/1331\/revisions"}],"predecessor-version":[{"id":1607,"href":"https:\/\/sv-so.de\/index.php?rest_route=\/wp\/v2\/pages\/1331\/revisions\/1607"}],"wp:attachment":[{"href":"https:\/\/sv-so.de\/index.php?rest_route=%2Fwp%2Fv2%2Fmedia&parent=1331"}],"curies":[{"name":"wp","href":"https:\/\/api.w.org\/{rel}","templated":true}]}}